{"id":313,"date":"2018-12-16T16:10:32","date_gmt":"2018-12-16T15:10:32","guid":{"rendered":"http:\/\/diodmusic.fr\/?page_id=313"},"modified":"2026-03-16T21:44:51","modified_gmt":"2026-03-16T20:44:51","slug":"elementor-313","status":"publish","type":"page","link":"https:\/\/diodmusic.fr\/?page_id=313","title":{"rendered":"Agenda"},"content":{"rendered":"\t\t<div data-elementor-type=\"wp-post\" data-elementor-id=\"313\" class=\"elementor elementor-313\">\n\t\t\t\t\t\t<div class=\"elementor-inner\">\n\t\t\t\t<div class=\"elementor-section-wrap\">\n\t\t\t\t\t\t\t\t\t<section class=\"elementor-section elementor-top-section elementor-element elementor-element-5087b95 elementor-section-boxed elementor-section-height-default elementor-section-height-default\" data-id=\"5087b95\" data-element_type=\"section\">\n\t\t\t\t\t\t<div class=\"elementor-container elementor-column-gap-default\">\n\t\t\t\t\t\t\t<div class=\"elementor-row\">\n\t\t\t\t\t<div class=\"elementor-column elementor-col-100 elementor-top-column elementor-element elementor-element-dd331af\" data-id=\"dd331af\" data-element_type=\"column\">\n\t\t\t<div class=\"elementor-column-wrap elementor-element-populated\">\n\t\t\t\t\t\t\t<div class=\"elementor-widget-wrap\">\n\t\t\t\t\t\t<div class=\"elementor-element elementor-element-20a9f13 elementor-widget elementor-widget-spacer\" data-id=\"20a9f13\" data-element_type=\"widget\" data-widget_type=\"spacer.default\">\n\t\t\t\t<div class=\"elementor-widget-container\">\n\t\t\t\t\t<div class=\"elementor-spacer\">\n\t\t\t<div class=\"elementor-spacer-inner\"><\/div>\n\t\t<\/div>\n\t\t\t\t<\/div>\n\t\t\t\t<\/div>\n\t\t\t\t<div class=\"elementor-element elementor-element-b6b9212 elementor-widget elementor-widget-heading\" data-id=\"b6b9212\" data-element_type=\"widget\" data-widget_type=\"heading.default\">\n\t\t\t\t<div class=\"elementor-widget-container\">\n\t\t\t<h2 class=\"elementor-heading-title elementor-size-default\">L'agenda du duo<\/h2>\t\t<\/div>\n\t\t\t\t<\/div>\n\t\t\t\t<div class=\"elementor-element elementor-element-a20de75 elementor-widget elementor-widget-image\" data-id=\"a20de75\" data-element_type=\"widget\" data-widget_type=\"image.default\">\n\t\t\t\t<div class=\"elementor-widget-container\">\n\t\t\t\t\t\t\t\t<div class=\"elementor-image\">\n\t\t\t\t\t\t\t\t\t<figure class=\"wp-caption\">\n\t\t\t\t\t\t\t\t\t\t<img decoding=\"async\" width=\"750\" height=\"422\" src=\"https:\/\/diodmusic.fr\/wp-content\/uploads\/2018\/12\/Photo-Diod-C.-Giffard-768x432.jpg\" class=\"attachment-medium_large size-medium_large wp-image-308\" alt=\"\" loading=\"lazy\" srcset=\"https:\/\/diodmusic.fr\/wp-content\/uploads\/2018\/12\/Photo-Diod-C.-Giffard-768x432.jpg 768w, https:\/\/diodmusic.fr\/wp-content\/uploads\/2018\/12\/Photo-Diod-C.-Giffard-300x169.jpg 300w, https:\/\/diodmusic.fr\/wp-content\/uploads\/2018\/12\/Photo-Diod-C.-Giffard-1024x576.jpg 1024w, https:\/\/diodmusic.fr\/wp-content\/uploads\/2018\/12\/Photo-Diod-C.-Giffard.jpg 1920w\" sizes=\"(max-width: 750px) 100vw, 750px\" \/>\t\t\t\t\t\t\t\t\t\t\t<figcaption class=\"widget-image-caption wp-caption-text\">\u00a9 Christophe Giffard<\/figcaption>\n\t\t\t\t\t\t\t\t\t\t<\/figure>\n\t\t\t\t\t\t\t\t<\/div>\n\t\t\t\t\t\t<\/div>\n\t\t\t\t<\/div>\n\t\t\t\t\t\t<\/div>\n\t\t\t\t\t<\/div>\n\t\t<\/div>\n\t\t\t\t\t\t\t\t<\/div>\n\t\t\t\t\t<\/div>\n\t\t<\/section>\n\t\t\t\t<section class=\"elementor-section elementor-top-section elementor-element elementor-element-7fe6e6c elementor-section-boxed elementor-section-height-default elementor-section-height-default\" data-id=\"7fe6e6c\" data-element_type=\"section\">\n\t\t\t\t\t\t<div class=\"elementor-container elementor-column-gap-default\">\n\t\t\t\t\t\t\t<div class=\"elementor-row\">\n\t\t\t\t\t<div class=\"elementor-column elementor-col-100 elementor-top-column elementor-element elementor-element-f0d4827\" data-id=\"f0d4827\" data-element_type=\"column\">\n\t\t\t<div class=\"elementor-column-wrap elementor-element-populated\">\n\t\t\t\t\t\t\t<div class=\"elementor-widget-wrap\">\n\t\t\t\t\t\t<div class=\"elementor-element elementor-element-f21828e elementor-widget elementor-widget-text-editor\" data-id=\"f21828e\" data-element_type=\"widget\" data-widget_type=\"text-editor.default\">\n\t\t\t\t<div class=\"elementor-widget-container\">\n\t\t\t\t\t\t\t\t<div class=\"elementor-text-editor elementor-clearfix\">\n\t\t\t\t<p><strong>Programmation en cours<\/strong><\/p>\t\t\t\t\t<\/div>\n\t\t\t\t\t\t<\/div>\n\t\t\t\t<\/div>\n\t\t\t\t\t\t<\/div>\n\t\t\t\t\t<\/div>\n\t\t<\/div>\n\t\t\t\t\t\t\t\t<\/div>\n\t\t\t\t\t<\/div>\n\t\t<\/section>\n\t\t\t\t<section class=\"elementor-section elementor-top-section elementor-element elementor-element-b3115c9 elementor-section-boxed elementor-section-height-default elementor-section-height-default\" data-id=\"b3115c9\" data-element_type=\"section\">\n\t\t\t\t\t\t<div class=\"elementor-container elementor-column-gap-default\">\n\t\t\t\t\t\t\t<div class=\"elementor-row\">\n\t\t\t\t\t<div class=\"elementor-column elementor-col-100 elementor-top-column elementor-element elementor-element-cf1ed92\" data-id=\"cf1ed92\" data-element_type=\"column\">\n\t\t\t<div class=\"elementor-column-wrap elementor-element-populated\">\n\t\t\t\t\t\t\t<div class=\"elementor-widget-wrap\">\n\t\t\t\t\t\t<div class=\"elementor-element elementor-element-6fce737 elementor-widget elementor-widget-text-editor\" data-id=\"6fce737\" data-element_type=\"widget\" data-widget_type=\"text-editor.default\">\n\t\t\t\t<div class=\"elementor-widget-container\">\n\t\t\t\t\t\t\t\t<div class=\"elementor-text-editor elementor-clearfix\">\n\t\t\t\t<h4><b><span>Quelques salles o\u00f9 nous avons jou\u00e9 :<\/span><\/b><\/h4><p><span>Le Bijou &#8211; Toulouse (31) \/ <\/span><span>La Halle &#8211; Limogne en Quercy (46) \/ <\/span><span>Centre Culturel Henri Desbals &#8211; Toulouse \/ <\/span><span>ACME &#8211; Le Vernet d&rsquo;Ari\u00e8ge (09) \/ <\/span><span>La Cave Po\u00e9sie &#8211; Toulouse <\/span>\/ Le Metronum &#8211; Toulouse \/ <span>Centre Culturel Chapeau Rouge Saint Cyprien &#8211; Toulouse \/ <\/span><span>M\u00e9diaziques Toulouse \/ M\u00e9diath\u00e8que Pierre Amalric &#8211; Albi (81) \/ Pauses Musicales &#8211; Toulouse \/ <\/span><span>Centre Culturel Saint Simon &#8211; Toulouse \/ Th\u00e9\u00e2tre du Grand Rond &#8211; Toulouse \/ <\/span><span>Caf\u00e9 Pl\u00f9m &#8211; Lautrec (82) \/ <\/span><span>Th\u00e9\u00e2tre du Centre &#8211; Colomiers (31) \/ Forum L\u00e9o Ferr\u00e9 &#8211; Ivry (94) \/\u00a0<\/span>Guinguette des neurones &#8211; Castelnau Montratier (46) \/ Art&rsquo;Kaf\u00e9 &#8211; Mirabel (07) \/<span>\u00a0La <\/span><span>Maison de la Terre &#8211; Poucharramet (31) \/ <\/span><span>Espace Job &#8211; Toulouse \/ <\/span><span>Les Docks &#8211; Cahors (46) \/ La Baignoire &#8211; Lavalette (31) \/ Caf&rsquo;Causse &#8211; Assier (46) \/ Librairie Et Caetera &#8211; Belin-Beliet (33) \/ Le Kaizaco &#8211; Aizac (07) \/ Le Tympan &#8211; Goujounac (46) \/ Ferme de Cantagrel (46) \/\u00a0<\/span>Auberge des gerbes &#8211; Arras en Lavedan (65) \/ Biblioth\u00e8que Frayssinet-le-G\u00e9lat (46) \/ Domaine de gayfi\u00e9 &#8211; St jean de Laur (46) \/ Pauses musicales &#8211; Cugnaux (31)<\/p><h4><strong>Quelques festivals :<\/strong><\/h4><div>Festival Les jours de la Dame \u00e0 Lalevade-d&rsquo;Ard\u00e8che (07) \/ Festival L&rsquo;\u00c9moi des Mots &#8211; Heugas (40) \/ <span>Festival Les Femmes s\u2019en m\u00ealent &#8211; Cahors (46) \/ <\/span><span>Festival Saisons d&rsquo;Elles &#8211; Toulouse \/ <\/span><span>Festival Barjac m&rsquo;en chante &#8211; Barjac (30) \/ <\/span><span>Festival 24 heures du Mot &#8211; Art&rsquo;cade &#8211; ste croix volvestre (09) \/ <\/span><span>Festival Bricodrama &#8211; Toulouse \/ Octobre rose &#8211; Villeneuve sur Lot (47) \/ <\/span><span>Festival Gueules de bar &#8211; Montbartier (82) \/ <\/span><span><\/span><span><\/span><span>Festival d&rsquo;Escamps (46) \/ <\/span><span>Festival du Livre &#8211; Villefranche-du-P\u00e9rigord (46) \/ <\/span><span>Festival de Pradines (46) \/ <\/span><span><\/span><span>Festival Ax Accord\u00e9on &#8211; Ax les Thermes (09) \/ <\/span><span><\/span><span><\/span><span>Festival R\u00e9sonances Adda 82 &#8211; Donzac \/ <\/span><span><\/span><span>Les Jeudis de Bourbon &#8211; Bourbon l&rsquo;Archambault (03) \/ <\/span><span>Festival Goujoun&rsquo;art &#8211; Goujounac (46) \/ Soir\u00e9es d&rsquo;\u00e9t\u00e9 &#8211; S\u00e9verac-le-ch\u00e2teau (12) \/ Nuits d&rsquo;\u00e9t\u00e9 &#8211; Souillac (46) \/ Festi&rsquo;ValC\u00e9ou &#8211; Concor\u00e8s (46) \/\u00a0<\/span>Festival St Michel de L&rsquo;art (11) \/\u00a0Nuit des Mus\u00e9es &#8211; Cuzals (46) \/ F\u00eate de l&rsquo;arbre &#8211; Salles Courbati\u00e8s (12) \/\u00a0Festival \u00e0 Burzet (07) \/ Balades \u00e0 st martin de Vers (46)<\/div>\t\t\t\t\t<\/div>\n\t\t\t\t\t\t<\/div>\n\t\t\t\t<\/div>\n\t\t\t\t\t\t<\/div>\n\t\t\t\t\t<\/div>\n\t\t<\/div>\n\t\t\t\t\t\t\t\t<\/div>\n\t\t\t\t\t<\/div>\n\t\t<\/section>\n\t\t\t\t\t\t\t\t\t<\/div>\n\t\t\t<\/div>\n\t\t\t\t\t<\/div>\n\t\t","protected":false},"excerpt":{"rendered":"<p>L&rsquo;agenda du duo \u00a9 Christophe Giffard Programmation en cours Quelques salles o\u00f9 nous avons jou\u00e9 : Le Bijou &#8211; Toulouse (31) \/ La Halle &#8211; Limogne en Quercy (46) \/ Centre Culturel Henri Desbals &#8211; Toulouse \/ ACME &#8211; Le Vernet d&rsquo;Ari\u00e8ge (09) \/ La Cave Po\u00e9sie &#8211; Toulouse \/ [&hellip;]<\/p>\n","protected":false},"author":1,"featured_media":0,"parent":0,"menu_order":0,"comment_status":"closed","ping_status":"closed","template":"page-templates\/template-pagebuilder-full-width.php","meta":[],"_links":{"self":[{"href":"https:\/\/diodmusic.fr\/index.php?rest_route=\/wp\/v2\/pages\/313"}],"collection":[{"href":"https:\/\/diodmusic.fr\/index.php?rest_route=\/wp\/v2\/pages"}],"about":[{"href":"https:\/\/diodmusic.fr\/index.php?rest_route=\/wp\/v2\/types\/page"}],"author":[{"embeddable":true,"href":"https:\/\/diodmusic.fr\/index.php?rest_route=\/wp\/v2\/users\/1"}],"replies":[{"embeddable":true,"href":"https:\/\/diodmusic.fr\/index.php?rest_route=%2Fwp%2Fv2%2Fcomments&post=313"}],"version-history":[{"count":131,"href":"https:\/\/diodmusic.fr\/index.php?rest_route=\/wp\/v2\/pages\/313\/revisions"}],"predecessor-version":[{"id":922,"href":"https:\/\/diodmusic.fr\/index.php?rest_route=\/wp\/v2\/pages\/313\/revisions\/922"}],"wp:attachment":[{"href":"https:\/\/diodmusic.fr\/index.php?rest_route=%2Fwp%2Fv2%2Fmedia&parent=313"}],"curies":[{"name":"wp","href":"https:\/\/api.w.org\/{rel}","templated":true}]}}