{"id":431,"date":"2018-12-19T15:25:59","date_gmt":"2018-12-19T14:25:59","guid":{"rendered":"http:\/\/diodmusic.fr\/?page_id=431"},"modified":"2021-04-20T11:03:53","modified_gmt":"2021-04-20T09:03:53","slug":"en-acoustique","status":"publish","type":"page","link":"https:\/\/diodmusic.fr\/?page_id=431","title":{"rendered":"Proposition de saison"},"content":{"rendered":"\t\t<div data-elementor-type=\"wp-post\" data-elementor-id=\"431\" class=\"elementor elementor-431\">\n\t\t\t\t\t\t<div class=\"elementor-inner\">\n\t\t\t\t<div class=\"elementor-section-wrap\">\n\t\t\t\t\t\t\t\t\t<section class=\"elementor-section elementor-top-section elementor-element elementor-element-7f59408 elementor-section-boxed elementor-section-height-default elementor-section-height-default\" data-id=\"7f59408\" data-element_type=\"section\">\n\t\t\t\t\t\t<div class=\"elementor-container elementor-column-gap-default\">\n\t\t\t\t\t\t\t<div class=\"elementor-row\">\n\t\t\t\t\t<div class=\"elementor-column elementor-col-100 elementor-top-column elementor-element elementor-element-4ee3fa1\" data-id=\"4ee3fa1\" data-element_type=\"column\">\n\t\t\t<div class=\"elementor-column-wrap elementor-element-populated\">\n\t\t\t\t\t\t\t<div class=\"elementor-widget-wrap\">\n\t\t\t\t\t\t<div class=\"elementor-element elementor-element-c656ec0 elementor-widget elementor-widget-spacer\" data-id=\"c656ec0\" data-element_type=\"widget\" data-widget_type=\"spacer.default\">\n\t\t\t\t<div class=\"elementor-widget-container\">\n\t\t\t\t\t<div class=\"elementor-spacer\">\n\t\t\t<div class=\"elementor-spacer-inner\"><\/div>\n\t\t<\/div>\n\t\t\t\t<\/div>\n\t\t\t\t<\/div>\n\t\t\t\t<div class=\"elementor-element elementor-element-d5ccaec elementor-widget elementor-widget-image\" data-id=\"d5ccaec\" data-element_type=\"widget\" data-widget_type=\"image.default\">\n\t\t\t\t<div class=\"elementor-widget-container\">\n\t\t\t\t\t\t\t\t<div class=\"elementor-image\">\n\t\t\t\t\t\t\t\t\t\t\t\t<img decoding=\"async\" width=\"200\" height=\"300\" src=\"https:\/\/diodmusic.fr\/wp-content\/uploads\/2021\/04\/DIOD2-200x300.jpg\" class=\"attachment-medium size-medium wp-image-727\" alt=\"\" loading=\"lazy\" srcset=\"https:\/\/diodmusic.fr\/wp-content\/uploads\/2021\/04\/DIOD2-200x300.jpg 200w, https:\/\/diodmusic.fr\/wp-content\/uploads\/2021\/04\/DIOD2-683x1024.jpg 683w, https:\/\/diodmusic.fr\/wp-content\/uploads\/2021\/04\/DIOD2-768x1152.jpg 768w, https:\/\/diodmusic.fr\/wp-content\/uploads\/2021\/04\/DIOD2-1024x1536.jpg 1024w, https:\/\/diodmusic.fr\/wp-content\/uploads\/2021\/04\/DIOD2.jpg 1200w\" sizes=\"(max-width: 200px) 100vw, 200px\" \/>\t\t\t\t\t\t\t\t\t\t\t\t\t\t<\/div>\n\t\t\t\t\t\t<\/div>\n\t\t\t\t<\/div>\n\t\t\t\t\t\t<\/div>\n\t\t\t\t\t<\/div>\n\t\t<\/div>\n\t\t\t\t\t\t\t\t<\/div>\n\t\t\t\t\t<\/div>\n\t\t<\/section>\n\t\t\t\t<section class=\"elementor-section elementor-top-section elementor-element elementor-element-11b34fa elementor-section-boxed elementor-section-height-default elementor-section-height-default\" data-id=\"11b34fa\" data-element_type=\"section\">\n\t\t\t\t\t\t<div class=\"elementor-container elementor-column-gap-default\">\n\t\t\t\t\t\t\t<div class=\"elementor-row\">\n\t\t\t\t\t<div class=\"elementor-column elementor-col-100 elementor-top-column elementor-element elementor-element-fef1b57\" data-id=\"fef1b57\" data-element_type=\"column\">\n\t\t\t<div class=\"elementor-column-wrap elementor-element-populated\">\n\t\t\t\t\t\t\t<div class=\"elementor-widget-wrap\">\n\t\t\t\t\t\t<div class=\"elementor-element elementor-element-122d1d6 elementor-widget elementor-widget-text-editor\" data-id=\"122d1d6\" data-element_type=\"widget\" data-widget_type=\"text-editor.default\">\n\t\t\t\t<div class=\"elementor-widget-container\">\n\t\t\t\t\t\t\t\t<div class=\"elementor-text-editor elementor-clearfix\">\n\t\t\t\t<h1 style=\"text-align: center;\"><span>CHANSONS de FEMMES &amp; d\u2019ARBRES<\/span><span><\/span><\/h1><p>Ce concert en duo, l\u00e9ger et intime, se joue et se chante en acoustique en jardin fleuri ou potager, dans un parc ou une for\u00eat, en bord de rivi\u00e8re, non loin d\u2019une cour ombrag\u00e9e, au d\u00e9tour d\u2019un chemin couvert, au milieu d\u2019un champ ou d\u2019un hameau en ruines, ou encore au fond d\u2019une piscine d\u00e9saffect\u00e9e&#8230;<br \/>et pourquoi pas des lieux plus atypiques\u00a0? <br \/><br \/>Le r\u00e9pertoire : des compositions personnelles et des chansons emprunt\u00e9es \u00e0 Dick Annegarn, Georges Brassens, Elise Caron, Brigitte Fontaine&#8230; toutes recentr\u00e9es autour du th\u00e8me des femmes, des arbres et de la nature.<br \/><br \/>D\u00e9ambulation possible selon les directives en cours<\/p>\t\t\t\t\t<\/div>\n\t\t\t\t\t\t<\/div>\n\t\t\t\t<\/div>\n\t\t\t\t\t\t<\/div>\n\t\t\t\t\t<\/div>\n\t\t<\/div>\n\t\t\t\t\t\t\t\t<\/div>\n\t\t\t\t\t<\/div>\n\t\t<\/section>\n\t\t\t\t<section class=\"elementor-section elementor-top-section elementor-element elementor-element-9218780 elementor-section-boxed elementor-section-height-default elementor-section-height-default\" data-id=\"9218780\" data-element_type=\"section\">\n\t\t\t\t\t\t<div class=\"elementor-container elementor-column-gap-default\">\n\t\t\t\t\t\t\t<div class=\"elementor-row\">\n\t\t\t\t\t<div class=\"elementor-column elementor-col-100 elementor-top-column elementor-element elementor-element-3c9f0d7\" data-id=\"3c9f0d7\" data-element_type=\"column\">\n\t\t\t<div class=\"elementor-column-wrap elementor-element-populated\">\n\t\t\t\t\t\t\t<div class=\"elementor-widget-wrap\">\n\t\t\t\t\t\t<section class=\"elementor-section elementor-inner-section elementor-element elementor-element-a4aedd2 elementor-section-boxed elementor-section-height-default elementor-section-height-default\" data-id=\"a4aedd2\" data-element_type=\"section\">\n\t\t\t\t\t\t<div class=\"elementor-container elementor-column-gap-default\">\n\t\t\t\t\t\t\t<div class=\"elementor-row\">\n\t\t\t\t\t<div class=\"elementor-column elementor-col-50 elementor-inner-column elementor-element elementor-element-a5d7ff1\" data-id=\"a5d7ff1\" data-element_type=\"column\">\n\t\t\t<div class=\"elementor-column-wrap elementor-element-populated\">\n\t\t\t\t\t\t\t<div class=\"elementor-widget-wrap\">\n\t\t\t\t\t\t<div class=\"elementor-element elementor-element-5c8ddb0 elementor-widget elementor-widget-image\" data-id=\"5c8ddb0\" data-element_type=\"widget\" data-widget_type=\"image.default\">\n\t\t\t\t<div class=\"elementor-widget-container\">\n\t\t\t\t\t\t\t\t<div class=\"elementor-image\">\n\t\t\t\t\t\t\t\t\t<figure class=\"wp-caption\">\n\t\t\t\t\t\t\t\t\t\t<img decoding=\"async\" width=\"388\" height=\"274\" src=\"https:\/\/diodmusic.fr\/wp-content\/uploads\/2018\/12\/balade-verger.jpg\" class=\"attachment-large size-large wp-image-438\" alt=\"\" loading=\"lazy\" srcset=\"https:\/\/diodmusic.fr\/wp-content\/uploads\/2018\/12\/balade-verger.jpg 388w, https:\/\/diodmusic.fr\/wp-content\/uploads\/2018\/12\/balade-verger-300x212.jpg 300w\" sizes=\"(max-width: 388px) 100vw, 388px\" \/>\t\t\t\t\t\t\t\t\t\t\t<figcaption class=\"widget-image-caption wp-caption-text\">     \u00a9 Jean-marc Jouanny<\/figcaption>\n\t\t\t\t\t\t\t\t\t\t<\/figure>\n\t\t\t\t\t\t\t\t<\/div>\n\t\t\t\t\t\t<\/div>\n\t\t\t\t<\/div>\n\t\t\t\t\t\t<\/div>\n\t\t\t\t\t<\/div>\n\t\t<\/div>\n\t\t\t\t<div class=\"elementor-column elementor-col-50 elementor-inner-column elementor-element elementor-element-8ae6dff\" data-id=\"8ae6dff\" data-element_type=\"column\">\n\t\t\t<div class=\"elementor-column-wrap elementor-element-populated\">\n\t\t\t\t\t\t\t<div class=\"elementor-widget-wrap\">\n\t\t\t\t\t\t<div class=\"elementor-element elementor-element-ea6aafd elementor-widget elementor-widget-image\" data-id=\"ea6aafd\" data-element_type=\"widget\" data-widget_type=\"image.default\">\n\t\t\t\t<div class=\"elementor-widget-container\">\n\t\t\t\t\t\t\t\t<div class=\"elementor-image\">\n\t\t\t\t\t\t\t\t\t<figure class=\"wp-caption\">\n\t\t\t\t\t\t\t\t\t\t<img decoding=\"async\" width=\"225\" height=\"300\" src=\"https:\/\/diodmusic.fr\/wp-content\/uploads\/2021\/04\/Photo-2-225x300.jpg\" class=\"attachment-medium size-medium wp-image-742\" alt=\"\" loading=\"lazy\" srcset=\"https:\/\/diodmusic.fr\/wp-content\/uploads\/2021\/04\/Photo-2-225x300.jpg 225w, https:\/\/diodmusic.fr\/wp-content\/uploads\/2021\/04\/Photo-2-768x1024.jpg 768w, https:\/\/diodmusic.fr\/wp-content\/uploads\/2021\/04\/Photo-2-1152x1536.jpg 1152w, https:\/\/diodmusic.fr\/wp-content\/uploads\/2021\/04\/Photo-2-1536x2048.jpg 1536w, https:\/\/diodmusic.fr\/wp-content\/uploads\/2021\/04\/Photo-2-scaled.jpg 1920w\" sizes=\"(max-width: 225px) 100vw, 225px\" \/>\t\t\t\t\t\t\t\t\t\t\t<figcaption class=\"widget-image-caption wp-caption-text\">\u00a9 IG@ilyanyare<\/figcaption>\n\t\t\t\t\t\t\t\t\t\t<\/figure>\n\t\t\t\t\t\t\t\t<\/div>\n\t\t\t\t\t\t<\/div>\n\t\t\t\t<\/div>\n\t\t\t\t\t\t<\/div>\n\t\t\t\t\t<\/div>\n\t\t<\/div>\n\t\t\t\t\t\t\t\t<\/div>\n\t\t\t\t\t<\/div>\n\t\t<\/section>\n\t\t\t\t\t\t<\/div>\n\t\t\t\t\t<\/div>\n\t\t<\/div>\n\t\t\t\t\t\t\t\t<\/div>\n\t\t\t\t\t<\/div>\n\t\t<\/section>\n\t\t\t\t\t\t\t\t\t<\/div>\n\t\t\t<\/div>\n\t\t\t\t\t<\/div>\n\t\t","protected":false},"excerpt":{"rendered":"<p>CHANSONS de FEMMES &amp; d\u2019ARBRES Ce concert en duo, l\u00e9ger et intime, se joue et se chante en acoustique en jardin fleuri ou potager, dans un parc ou une for\u00eat, en bord de rivi\u00e8re, non loin d\u2019une cour ombrag\u00e9e, au d\u00e9tour d\u2019un chemin couvert, au milieu d\u2019un champ ou d\u2019un [&hellip;]<\/p>\n","protected":false},"author":1,"featured_media":0,"parent":0,"menu_order":0,"comment_status":"closed","ping_status":"closed","template":"page-templates\/template-pagebuilder-full-width.php","meta":[],"_links":{"self":[{"href":"https:\/\/diodmusic.fr\/index.php?rest_route=\/wp\/v2\/pages\/431"}],"collection":[{"href":"https:\/\/diodmusic.fr\/index.php?rest_route=\/wp\/v2\/pages"}],"about":[{"href":"https:\/\/diodmusic.fr\/index.php?rest_route=\/wp\/v2\/types\/page"}],"author":[{"embeddable":true,"href":"https:\/\/diodmusic.fr\/index.php?rest_route=\/wp\/v2\/users\/1"}],"replies":[{"embeddable":true,"href":"https:\/\/diodmusic.fr\/index.php?rest_route=%2Fwp%2Fv2%2Fcomments&post=431"}],"version-history":[{"count":39,"href":"https:\/\/diodmusic.fr\/index.php?rest_route=\/wp\/v2\/pages\/431\/revisions"}],"predecessor-version":[{"id":756,"href":"https:\/\/diodmusic.fr\/index.php?rest_route=\/wp\/v2\/pages\/431\/revisions\/756"}],"wp:attachment":[{"href":"https:\/\/diodmusic.fr\/index.php?rest_route=%2Fwp%2Fv2%2Fmedia&parent=431"}],"curies":[{"name":"wp","href":"https:\/\/api.w.org\/{rel}","templated":true}]}}